{"id":5679,"date":"2021-05-19T22:10:30","date_gmt":"2021-05-19T20:10:30","guid":{"rendered":"https:\/\/www.kaethe-kollwitz.berlin\/?page_id=5679"},"modified":"2022-04-01T12:25:14","modified_gmt":"2022-04-01T10:25:14","slug":"hygiene-concept","status":"publish","type":"page","link":"https:\/\/www.kaethe-kollwitz.berlin\/en\/hygiene-concept\/","title":{"rendered":"Hygiene concept"},"content":{"rendered":"<div class=\"wpb-content-wrapper\"><p>[vc_row type=&#8221;vc_default&#8221; full_width=&#8221;stretch_row&#8221; gap=&#8221;35&#8243; margin_top=&#8221;0px&#8221; margin_bottom=&#8221;0px&#8221; full_width_row=&#8221;true&#8221; bg_type=&#8221;image&#8221; parallax_style=&#8221;vcpb-default&#8221; bg_image_repeat=&#8221;no-repeat&#8221; min_height=&#8221;600px&#8221; css=&#8221;.vc_custom_1601459375426{margin-bottom: 0px !important;background-color: #edeee7 !important;background-position: center !important;background-repeat: no-repeat !important;background-size: cover !important;}&#8221;][vc_column css=&#8221;.vc_custom_1602177890873{margin-right: 0px !important;margin-left: 0px !important;padding-right: 0px !important;padding-left: 0px !important;background-position: center !important;background-repeat: no-repeat !important;background-size: cover !important;}&#8221;][vc_row_inner gap=&#8221;35&#8243; css=&#8221;.vc_custom_1601459487082{margin-bottom: 0px !important;padding-bottom: 0px !important;}&#8221;][vc_column_inner css=&#8221;.vc_custom_1601459496401{margin-bottom: 0px !important;padding-bottom: 0px !important;}&#8221;][vc_column_text css=&#8221;.vc_custom_1648759207116{margin-bottom: 0px !important;padding-bottom: 0px !important;}&#8221;]<\/p>\n<h1>Protection and hygiene concept<\/h1>\n<h3>for public access<\/h3>\n<p>[\/vc_column_text][\/vc_column_inner][\/vc_row_inner][vc_row_inner gap=&#8221;35&#8243;][vc_column_inner width=&#8221;2\/3&#8243; css=&#8221;.vc_custom_1618336515690{padding-top: 0px !important;padding-right: 30px !important;padding-bottom: 0px !important;padding-left: 0px !important;}&#8221;][vc_column_text css=&#8221;.vc_custom_1648759227525{margin-right: 25px !important;margin-left: 5px !important;border-right-width: 25px !important;border-left-width: 5px !important;padding-right: 25px !important;padding-left: 5px !important;}&#8221;]<\/p>\n<h5>Opening hours and permitted number of visitors<\/h5>\n<p>Shortened opening hours continue to apply: daily from 11.00 to 16.00.<\/p>\n<p>Information boards in front of the museum and in the entrance area will draw visitors&#8217; attention to Corona-related restrictions and rules of conduct, which are also published on the museum&#8217;s website.<\/p>\n<p>A maximum of 40 visitors are allowed in the house at any one time.[\/vc_column_text][\/vc_column_inner][vc_column_inner width=&#8221;1\/3&#8243; css=&#8221;.vc_custom_1601459084863{padding-right: 15px !important;padding-left: 30px !important;}&#8221;][vc_single_image image=&#8221;1878&#8243; img_size=&#8221;full&#8221; onclick=&#8221;link_image&#8221;][\/vc_column_inner][\/vc_row_inner][\/vc_column][\/vc_row][vc_row type=&#8221;vc_default&#8221; full_width=&#8221;stretch_row&#8221; gap=&#8221;35&#8243; margin_top=&#8221;0px&#8221; margin_bottom=&#8221;0px&#8221; full_width_row=&#8221;true&#8221; bg_type=&#8221;image&#8221; parallax_style=&#8221;vcpb-default&#8221; bg_image_repeat=&#8221;no-repeat&#8221; min_height=&#8221;600px&#8221; css=&#8221;.vc_custom_1618334565623{margin-bottom: 0px !important;background-position: center !important;background-repeat: no-repeat !important;background-size: cover !important;}&#8221;][vc_column css=&#8221;.vc_custom_1602177890873{margin-right: 0px !important;margin-left: 0px !important;padding-right: 0px !important;padding-left: 0px !important;background-position: center !important;background-repeat: no-repeat !important;background-size: cover !important;}&#8221;][vc_row_inner gap=&#8221;35&#8243;][vc_column_inner width=&#8221;1\/2&#8243; css=&#8221;.vc_custom_1618332973396{padding-top: 0px !important;padding-right: 20px !important;padding-bottom: 0px !important;padding-left: 0px !important;}&#8221;][vc_column_text]<\/p>\n<h5>Distance and hygiene rules<\/h5>\n<p>The distance rule of 1.5 m applies in all public areas in the museum. In the entrance area, the distance and waiting areas are marked accordingly, as well as in front of the visitors&#8217; toilet.<\/p>\n<p>No more than 40 visitors are allowed in the museum at any one time.<\/p>\n<p>A supervisor checks on the floors that the visitor limits and distance rules are observed and that there are no encounters between different groups of visitors in the narrow stairwell. The escape door on the ground floor can be used as an exit to provide relief in the narrow entrance area.<\/p>\n<p>Liquid soap, towel dispensers and hand disinfectant dispensers are available for visitors in the sanitary rooms.[\/vc_column_text][\/vc_column_inner][vc_column_inner width=&#8221;1\/2&#8243;][vc_column_text]<\/p>\n<h5>Obligation to wear a mouth-nose mask<\/h5>\n<p>Visitors are required to wear an FFP2 mask in the exhibition. This can be purchased at the ticket desk, as can disposable gloves.<\/p>\n<p>Exempt from this obligation are:<\/p>\n<ul>\n<li>Children up to the age of six,<\/li>\n<li>persons who are unable to wear an FFP2 mask due to a health impairment or disability (proof of exemption must be provided in the form of a medical certificate),<\/li>\n<li>deaf and hard of hearing persons and persons who communicate with them, as well as their accompanying persons.<\/li>\n<\/ul>\n<p>Visitors suffering from an upper respiratory tract infection are not allowed to enter the museum. This is visibly indicated in the entrance area and on the internet.[\/vc_column_text][\/vc_column_inner][\/vc_row_inner][vc_row_inner gap=&#8221;35&#8243;][vc_column_inner width=&#8221;1\/2&#8243; css=&#8221;.vc_custom_1618332973396{padding-top: 0px !important;padding-right: 20px !important;padding-bottom: 0px !important;padding-left: 0px !important;}&#8221;][vc_column_text]<\/p>\n<h5>Please also note<\/h5>\n<p>Cloakroom lockers are not available. Bags and jackets will be accepted at the ticket counter.<\/p>\n<p>Hands must be disinfected before using the touch models set up in the exhibition. Disinfectant dispensers are available directly next to each tactile model.<\/p>\n<p>Recreational breaks on chairs are possible, provided the spacing rules are observed.[\/vc_column_text][\/vc_column_inner][vc_column_inner width=&#8221;1\/2&#8243;][vc_column_text]<\/p>\n<h5>Shop and contactless payment<\/h5>\n<p>In the museum shop you are only allowed to look under observance of the distance rules.<\/p>\n<p>Cashless and contactless payment: All amounts can be paid by card.[\/vc_column_text][vc_column_text]<\/p>\n<h5>Group tours and events<\/h5>\n<p>Guided tours indoors and outdoors with more than 10 participants take place in compliance with the 3G rule (tested, vaccinated or recovered). Special regulations apply to school children, namely exemption from the 3-G rule. Group and educational activities are also possible outside of the flowing visitor traffic.<\/p>\n<p>Wearing a medical mask is compulsory outdoors, and an FFP2 mask indoors. All other requirements such as minimum distance, attendance documentation, etc. correspond to those for flowing public traffic (see above).[\/vc_column_text][\/vc_column_inner][\/vc_row_inner][vc_row_inner gap=&#8221;35&#8243;][vc_column_inner width=&#8221;2\/3&#8243; css=&#8221;.vc_custom_1618332973396{padding-top: 0px !important;padding-right: 20px !important;padding-bottom: 0px !important;padding-left: 0px !important;}&#8221;][vc_column_text]Compliance with the rules is ensured by the staff on site. In case of repeated violation of the rules, the house authority can be exercised and the visitor can be expelled from the rooms in a friendly but firm manner.[\/vc_column_text][\/vc_column_inner][vc_column_inner width=&#8221;1\/3&#8243;][\/vc_column_inner][\/vc_row_inner][\/vc_column][\/vc_row][vc_row type=&#8221;vc_default&#8221; full_width=&#8221;stretch_row&#8221; margin_top=&#8221;0px&#8221; margin_bottom=&#8221;0px&#8221; full_width_row=&#8221;true&#8221; min_height=&#8221;600px&#8221; css=&#8221;.vc_custom_1602156310544{margin-bottom: 0px !important;padding-bottom: 0px !important;background-color: rgba(237,238,231,0.59) !important;background-position: center !important;background-repeat: no-repeat !important;background-size: cover !important;*background-color: rgb(237,238,231) !important;}&#8221;][vc_column css=&#8221;.vc_custom_1599642359108{margin-right: 0px !important;margin-left: 0px !important;padding-top: 70px !important;padding-right: 0px !important;padding-bottom: 0px !important;padding-left: 0px !important;background-position: center !important;background-repeat: no-repeat !important;background-size: cover !important;}&#8221;][vc_column_text]<\/p>\n<h2>General hygiene measures<\/h2>\n<p>[\/vc_column_text][vc_row_inner gap=&#8221;35&#8243;][vc_column_inner width=&#8221;1\/6&#8243;][vc_single_image image=&#8221;1881&#8243; img_size=&#8221;full&#8221;][\/vc_column_inner][vc_column_inner width=&#8221;3\/6&#8243;][vc_column_text]<strong>Keep your distance<\/strong><br \/>\nPlease always keep a minimum distance of 1.5 m from other persons and avoid direct physical contact.[\/vc_column_text][\/vc_column_inner][\/vc_row_inner][vc_row_inner gap=&#8221;35&#8243;][vc_column_inner width=&#8221;1\/6&#8243;][vc_single_image image=&#8221;1882&#8243; img_size=&#8221;full&#8221;][\/vc_column_inner][vc_column_inner width=&#8221;3\/6&#8243;][vc_column_text]<strong>Washing and disinfecting hands<\/strong><br \/>\nPlease wash your hands regularly with soap for at least 20 seconds. Feel free to use the disinfectant dispenser in the restrooms.[\/vc_column_text][\/vc_column_inner][\/vc_row_inner][vc_row_inner gap=&#8221;35&#8243;][vc_column_inner width=&#8221;1\/6&#8243;][vc_single_image image=&#8221;1883&#8243; img_size=&#8221;full&#8221;][\/vc_column_inner][vc_column_inner width=&#8221;3\/6&#8243;][vc_column_text]<strong>Adhere to cough etiquette<\/strong><br \/>\nPlease do not cough or sneeze into your hands, but into the crook of your arm.[\/vc_column_text][\/vc_column_inner][\/vc_row_inner][vc_row_inner gap=&#8221;35&#8243;][vc_column_inner width=&#8221;1\/6&#8243;][vc_single_image image=&#8221;1884&#8243; img_size=&#8221;full&#8221;][\/vc_column_inner][vc_column_inner width=&#8221;3\/6&#8243;][vc_column_text]<strong>Mouth protection mandatory<\/strong><br \/>\nFace masks are mandatory for all persons in publicly accessible areas of the K\u00e4the Kollwitz Museum. We ask everyone to cooperate.[\/vc_column_text][\/vc_column_inner][\/vc_row_inner]<div class=\"ult-spacer spacer-69fcc6c2c698d\" data-id=\"69fcc6c2c698d\" data-height=\"30\" data-height-mobile=\"30\" data-height-tab=\"30\" data-height-tab-portrait=\"\" data-height-mobile-landscape=\"\" style=\"clear:both;display:block;\"><\/div>[\/vc_column][\/vc_row][vc_row type=&#8221;vc_default&#8221; full_width=&#8221;stretch_row&#8221; disable_element=&#8221;yes&#8221; margin_top=&#8221;0px&#8221; margin_bottom=&#8221;0px&#8221; full_width_row=&#8221;true&#8221; min_height=&#8221;600px&#8221; css=&#8221;.vc_custom_1618228994317{margin-bottom: 0px !important;padding-bottom: 0px !important;background-position: center !important;background-repeat: no-repeat !important;background-size: cover !important;}&#8221;][vc_column width=&#8221;2\/3&#8243; css=&#8221;.vc_custom_1605782515852{margin-right: 0px !important;margin-left: 0px !important;padding-top: 70px !important;padding-right: 0px !important;padding-bottom: 0px !important;padding-left: 0px !important;background-position: center !important;background-repeat: no-repeat !important;background-size: cover !important;}&#8221;][vc_column_text]<\/p>\n<h2>Hygienema\u00dfnahmen f\u00fcr Bildungsprogramme<\/h2>\n<p>[\/vc_column_text][vc_column_text]Die Reinigung der Arbeitstische und T\u00fcrklinken erfolgt vor und nach Beendigung des Workshops durch die Vermittler. Hierf\u00fcr stehen Desinfektionsspray und T\u00fccher zur Verf\u00fcgung.<\/p>\n<p>Die Reinigung der benutzten Arbeitsmaterialien erfolgt m\u00f6glichst durch die Teilnehmenden. Hierf\u00fcr stehen Desinfektionsmittel zur Verf\u00fcgung.<\/p>\n<p>Die Nutzung der Toilettenr\u00e4ume ist nur f\u00fcr eine Person zul\u00e4ssig. Alle anderen warten mit 1,5 Meter Abstand.[\/vc_column_text]<div class=\"ult-spacer spacer-69fcc6c2c69d7\" data-id=\"69fcc6c2c69d7\" data-height=\"50\" data-height-mobile=\"50\" data-height-tab=\"50\" data-height-tab-portrait=\"\" data-height-mobile-landscape=\"\" style=\"clear:both;display:block;\"><\/div>[vc_column_text]<\/p>\n<h2>Ablauf f\u00fcr Bildungsprogramme<\/h2>\n<p>[\/vc_column_text][vc_column_text]<strong>Bildungsprogramme finden au\u00dferhalb der \u00d6ffnungszeiten von Montag bis Freitag zwischen 9.00 und 11.00 Uhr statt!<\/strong><\/p>\n<p>Die Gruppengr\u00f6\u00dfe betr\u00e4gt zurzeit max. 20 Personen. Es werden zwei Gruppen gebildet, die in getrennten R\u00e4umlichkeiten arbeiten: in den Ausstellungsr\u00e4umen bzw. in der Kuppel, wo sich jeweils max. 10 Personen und ein Vermittler aufhalten k\u00f6nnen.<\/p>\n<p>Es ist vorgesehen, dass die zwei Gruppen nach der H\u00e4lfte der Zeit die R\u00e4ume tauschen \u2013 auf diese Weise k\u00f6nnen alle Teilnehmenden an allen Aktivit\u00e4ten teilhaben.<\/p>\n<p>Leider gibt es im Kollwitz-Museum keinen Raum, in dem sich 20 Personen gleichzeitig aufhalten k\u00f6nnten. Daher m\u00fcssen wir auf eine gemeinsame Begr\u00fc\u00dfung und eine Feedbackrunde verzichten.<\/p>\n<p>Die Teilnehmenden warten vor dem Museum. Wir bitten die Begleiter erst allein ins Haus zu kommen und die Gruppe an der Kasse anzumelden.<\/p>\n<p>Die Vermittler begr\u00fc\u00dfen die Gruppe im Freien, kl\u00e4ren sie noch einmal \u00fcber die Ma\u00dfnahmen und Regeln auf. Sie teilen sie in zwei Gruppen (jeweils max. 10 Personen) auf und begleiten sie getrennt in die jeweiligen Arbeitsbereiche.<\/p>\n<p>In der Halbzeit gibt es eine kurze L\u00fcftungs- und Desinfektionspause. Danach wechseln die Gruppen.[\/vc_column_text]<div class=\"ult-spacer spacer-69fcc6c2c69fc\" data-id=\"69fcc6c2c69fc\" data-height=\"50\" data-height-mobile=\"50\" data-height-tab=\"50\" data-height-tab-portrait=\"\" data-height-mobile-landscape=\"\" style=\"clear:both;display:block;\"><\/div>[vc_column_text]<\/p>\n<h2>Hausordnung<\/h2>\n<p>[\/vc_column_text][vc_column_text]Unsere Hausordnung finden Sie\u00a0<a href=\"\/wp-content\/uploads\/2020\/10\/Hausordnung.pdf\" target=\"_blank\" rel=\"noopener noreferrer\">hier.<\/a>[\/vc_column_text]<div class=\"ult-spacer spacer-69fcc6c2c6a1c\" data-id=\"69fcc6c2c6a1c\" data-height=\"100\" data-height-mobile=\"100\" data-height-tab=\"100\" data-height-tab-portrait=\"\" data-height-mobile-landscape=\"\" style=\"clear:both;display:block;\"><\/div>[\/vc_column][\/vc_row]<\/p>\n<\/div>","protected":false},"excerpt":{"rendered":"<p>[vc_row type=&#8221;vc_default&#8221; full_width=&#8221;stretch_row&#8221; gap=&#8221;35&#8243; margin_top=&#8221;0px&#8221; margin_bottom=&#8221;0px&#8221; full_width_row=&#8221;true&#8221; bg_type=&#8221;image&#8221; parallax_style=&#8221;vcpb-default&#8221; bg_image_repeat=&#8221;no-repeat&#8221; min_height=&#8221;600px&#8221; css=&#8221;.vc_custom_1601459375426{margin-bottom: 0px !important;background-color: #edeee7 !important;background-position: center !important;background-repeat: no-repeat !important;background-size: cover !important;}&#8221;][vc_column css=&#8221;.vc_custom_1602177890873{margin-right: 0px !important;margin-left: 0px !important;padding-right: 0px !important;padding-left: 0px !important;background-position: center !important;background-repeat: no-repeat !important;background-size: cover !important;}&#8221;][vc_row_inner gap=&#8221;35&#8243; css=&#8221;.vc_custom_1601459487082{margin-bottom: 0px !important;padding-bottom: 0px !important;}&#8221;][vc_column_inner css=&#8221;.vc_custom_1601459496401{margin-bottom: 0px !important;padding-bottom: 0px !important;}&#8221;][vc_column_text css=&#8221;.vc_custom_1648759207116{margin-bottom: 0px !important;padding-bottom: 0px !important;}&#8221;] Protection and&hellip;<\/p>\n","protected":false},"author":2,"featured_media":0,"parent":0,"menu_order":0,"comment_status":"closed","ping_status":"closed","template":"","meta":{"footnotes":""},"class_list":["post-5679","page","type-page","status-publish","hentry","description-off"],"_links":{"self":[{"href":"https:\/\/www.kaethe-kollwitz.berlin\/en\/wp-json\/wp\/v2\/pages\/5679","targetHints":{"allow":["GET"]}}],"collection":[{"href":"https:\/\/www.kaethe-kollwitz.berlin\/en\/wp-json\/wp\/v2\/pages"}],"about":[{"href":"https:\/\/www.kaethe-kollwitz.berlin\/en\/wp-json\/wp\/v2\/types\/page"}],"author":[{"embeddable":true,"href":"https:\/\/www.kaethe-kollwitz.berlin\/en\/wp-json\/wp\/v2\/users\/2"}],"replies":[{"embeddable":true,"href":"https:\/\/www.kaethe-kollwitz.berlin\/en\/wp-json\/wp\/v2\/comments?post=5679"}],"version-history":[{"count":8,"href":"https:\/\/www.kaethe-kollwitz.berlin\/en\/wp-json\/wp\/v2\/pages\/5679\/revisions"}],"predecessor-version":[{"id":7435,"href":"https:\/\/www.kaethe-kollwitz.berlin\/en\/wp-json\/wp\/v2\/pages\/5679\/revisions\/7435"}],"wp:attachment":[{"href":"https:\/\/www.kaethe-kollwitz.berlin\/en\/wp-json\/wp\/v2\/media?parent=5679"}],"curies":[{"name":"wp","href":"https:\/\/api.w.org\/{rel}","templated":true}]}}