{"id":4461,"date":"2021-02-18T14:31:58","date_gmt":"2021-02-18T13:31:58","guid":{"rendered":"https:\/\/kkm.frp.de\/?page_id=4461"},"modified":"2024-11-29T16:01:35","modified_gmt":"2024-11-29T15:01:35","slug":"museum","status":"publish","type":"page","link":"https:\/\/www.kaethe-kollwitz.berlin\/en\/museum\/","title":{"rendered":"Museum"},"content":{"rendered":"<div class=\"wpb-content-wrapper\"><p>[vc_row type=&#8221;vc_default&#8221; full_width=&#8221;stretch_row&#8221; margin_top=&#8221;0px&#8221; margin_bottom=&#8221;0px&#8221; full_width_row=&#8221;true&#8221; bg_type=&#8221;image&#8221; parallax_style=&#8221;vcpb-default&#8221; bg_image_repeat=&#8221;no-repeat&#8221; min_height=&#8221;300px&#8221; css=&#8221;.vc_custom_1732892465391{margin-bottom: 0px !important;background-color: #edeee7 !important;background-position: center !important;background-repeat: no-repeat !important;background-size: cover !important;}&#8221;][vc_column css=&#8221;.vc_custom_1600862543102{margin-right: 0px !important;margin-left: 0px !important;padding-top: 70px !important;padding-right: 0px !important;padding-bottom: 50px !important;padding-left: 0px !important;background-position: center !important;background-repeat: no-repeat !important;background-size: cover !important;}&#8221;][vc_row_inner][vc_column_inner width=&#8221;2\/3&#8243;][vc_column_text css=&#8221;&#8221;]<\/p>\n<h2>K\u00e4the Kollwitz Museum Berlin<\/h2>\n<h4><span class=\"VIiyi\" lang=\"en\"><span class=\"JLqJ4b ChMk0b\" data-language-for-alternatives=\"en\" data-language-to-translate-into=\"de\" data-phrase-index=\"1\">The Kollwitz Museum Berlin had enjoyed success in the Fasanenstra\u00dfe since it was founded in 1986. In September 2022, a new chapter in the museum&#8217;s history began with its move to the Theater Building at the Charlottenburg Palace.<\/span><\/span><\/h4>\n<p>[\/vc_column_text][\/vc_column_inner][\/vc_row_inner][\/vc_column][\/vc_row][vc_row type=&#8221;vc_default&#8221; full_width=&#8221;stretch_row&#8221; margin_top=&#8221;0px&#8221; margin_bottom=&#8221;0px&#8221; full_width_row=&#8221;true&#8221; bg_type=&#8221;image&#8221; parallax_style=&#8221;vcpb-default&#8221; bg_image_repeat=&#8221;no-repeat&#8221; min_height=&#8221;600px&#8221; css=&#8221;.vc_custom_1679063312969{margin-bottom: 0px !important;background: #edeee7 url(https:\/\/www.kaethe-kollwitz.berlin\/wp-content\/uploads\/2023\/03\/Kollwitz-Mutter-und-Kind_2000px.jpg?id=9261) !important;background-position: center !important;background-repeat: no-repeat !important;background-size: cover !important;}&#8221;][vc_column css=&#8221;.vc_custom_1607511227715{margin-right: 0px !important;margin-left: 0px !important;padding-top: 70px !important;padding-right: 0px !important;padding-bottom: 120px !important;padding-left: 0px !important;background-position: center !important;background-repeat: no-repeat !important;background-size: cover !important;}&#8221; offset=&#8221;vc_col-lg-12 vc_col-md-12 vc_col-sm-offset-0 vc_col-xs-offset-1 vc_col-xs-10&#8243;][vc_row_inner equal_height=&#8221;yes&#8221; gap=&#8221;35&#8243; css=&#8221;.vc_custom_1600862429526{background-position: center !important;background-repeat: no-repeat !important;background-size: cover !important;}&#8221;][vc_column_inner width=&#8221;1\/3&#8243; css=&#8221;.vc_custom_1604570390904{padding-top: 0px !important;padding-right: 0px !important;padding-bottom: 0px !important;padding-left: 0px !important;background-color: #555d5d !important;}&#8221;]<div class=\"ult-content-box-container \" >\t\t<div class=\"ult-content-box\" style=\"box-shadow: px px px px none;padding-top:0px;padding-right:20px;padding-bottom:20px;padding-left:20px;-webkit-transition: all 700ms ease;-moz-transition: all 700ms ease;-ms-transition: all 700ms ease;-o-transition: all 700ms ease;transition: all 700ms ease;\"  data-hover_box_shadow=\"none\"    >[vc_column_text css=&#8221;.vc_custom_1619036949617{margin-top: 0px !important;margin-right: 0px !important;margin-bottom: 0px !important;margin-left: 0px !important;padding-top: 0px !important;padding-right: 0px !important;padding-bottom: 40px !important;padding-left: 0px !important;}&#8221; el_class=&#8221;white-h2 white-p&#8221;]<\/p>\n<h2>____<\/h2>\n<h2>History<\/h2>\n<p><span class=\"VIiyi\" lang=\"en\"><span class=\"JLqJ4b ChMk0b\" data-language-for-alternatives=\"en\" data-language-to-translate-into=\"de\" data-phrase-index=\"0\">The museum was founded by art dealer and collector Hans Pels-Leusden \u2014 a legend in the West Berlin gallery scene.<\/span><\/span>[\/vc_column_text][vc_btn title=&#8221;&gt; more&#8221; style=&#8221;outline&#8221; color=&#8221;white&#8221; link=&#8221;url:https%3A%2F%2Fwww.kaethe-kollwitz.berlin%2Fen%2Fmuseum%2Fhistory%2F|title:History&#8221;]<div class=\"ult-spacer spacer-69e9df3cb5025\" data-id=\"69e9df3cb5025\" data-height=\"50\" data-height-mobile=\"50\" data-height-tab=\"50\" data-height-tab-portrait=\"\" data-height-mobile-landscape=\"\" style=\"clear:both;display:block;\"><\/div>\t\t<\/div><\/div>[\/vc_column_inner][vc_column_inner width=&#8221;1\/3&#8243; css=&#8221;.vc_custom_1604488161051{padding-top: 0px !important;padding-right: 0px !important;padding-bottom: 0px !important;padding-left: 0px !important;background-color: #f08500 !important;}&#8221;]<div class=\"ult-content-box-container \" >\t\t<div class=\"ult-content-box\" style=\"box-shadow: px px px px none;padding-top:0px;padding-right:20px;padding-bottom:20px;padding-left:20px;-webkit-transition: all 700ms ease;-moz-transition: all 700ms ease;-ms-transition: all 700ms ease;-o-transition: all 700ms ease;transition: all 700ms ease;\"  data-hover_box_shadow=\"none\"    >[vc_column_text css=&#8221;.vc_custom_1619036958829{margin-top: 0px !important;margin-right: 0px !important;margin-bottom: 0px !important;margin-left: 0px !important;padding-top: 0px !important;padding-right: 0px !important;padding-bottom: 40px !important;padding-left: 0px !important;}&#8221; el_class=&#8221;white-h2 white-p&#8221;]<\/p>\n<h2>____<\/h2>\n<h2>Collection<\/h2>\n<p><span class=\"VIiyi\" lang=\"en\"><span class=\"JLqJ4b ChMk0b\" data-language-for-alternatives=\"en\" data-language-to-translate-into=\"de\" data-phrase-index=\"0\">The museum&#8217;s art collection provides a broad overview of the artist&#8217;s oeuvre, which is presented chronologically in the permanent exhibition.<\/span><\/span>[\/vc_column_text][vc_btn title=&#8221;&gt; more&#8221; style=&#8221;outline&#8221; color=&#8221;white&#8221; link=&#8221;url:https%3A%2F%2Fwww.kaethe-kollwitz.berlin%2Fen%2Fcollection%2F|title:Sammlung&#8221;]<div class=\"ult-spacer spacer-69e9df3cb50ac\" data-id=\"69e9df3cb50ac\" data-height=\"50\" data-height-mobile=\"50\" data-height-tab=\"50\" data-height-tab-portrait=\"\" data-height-mobile-landscape=\"\" style=\"clear:both;display:block;\"><\/div>\t\t<\/div><\/div>[\/vc_column_inner][vc_column_inner width=&#8221;1\/3&#8243; css=&#8221;.vc_custom_1605620979009{padding-top: 0px !important;padding-right: 0px !important;padding-bottom: 0px !important;padding-left: 0px !important;background-color: #989fa3 !important;}&#8221;]<div class=\"ult-content-box-container \" >\t\t<div class=\"ult-content-box\" style=\"box-shadow: px px px px none;padding-top:0px;padding-right:20px;padding-bottom:20px;padding-left:20px;-webkit-transition: all 700ms ease;-moz-transition: all 700ms ease;-ms-transition: all 700ms ease;-o-transition: all 700ms ease;transition: all 700ms ease;\"  data-hover_box_shadow=\"none\"    >[vc_column_text css=&#8221;.vc_custom_1619036975021{margin-top: 0px !important;margin-right: 0px !important;margin-bottom: 0px !important;margin-left: 0px !important;padding-top: 0px !important;padding-right: 0px !important;padding-bottom: 40px !important;padding-left: 0px !important;}&#8221; el_class=&#8221;white-h2 white-p&#8221;]<\/p>\n<h2>____<\/h2>\n<h2>Team \u2013 Contact<\/h2>\n<p><span class=\"VIiyi\" lang=\"en\"><span class=\"JLqJ4b ChMk0b\" data-language-for-alternatives=\"en\" data-language-to-translate-into=\"de\" data-phrase-index=\"1\">Here you can find your contact person for various concerns. You can also get to know the museum team.<\/span><\/span>[\/vc_column_text][vc_btn title=&#8221;&gt; more&#8221; style=&#8221;outline&#8221; color=&#8221;white&#8221; link=&#8221;url:https%3A%2F%2Fwww.kaethe-kollwitz.berlin%2Fen%2Fmuseum%2Fteam%2F|title:Team&#8221;]<div class=\"ult-spacer spacer-69e9df3cb511b\" data-id=\"69e9df3cb511b\" data-height=\"50\" data-height-mobile=\"50\" data-height-tab=\"50\" data-height-tab-portrait=\"\" data-height-mobile-landscape=\"\" style=\"clear:both;display:block;\"><\/div>\t\t<\/div><\/div>[\/vc_column_inner][\/vc_row_inner][vc_row_inner equal_height=&#8221;yes&#8221; gap=&#8221;35&#8243;][vc_column_inner width=&#8221;1\/3&#8243; css=&#8221;.vc_custom_1604488193153{padding-top: 0px !important;padding-right: 0px !important;padding-bottom: 0px !important;padding-left: 0px !important;background-color: #acc90d !important;}&#8221;]<div class=\"ult-content-box-container \" >\t\t<div class=\"ult-content-box\" style=\"box-shadow: px px px px none;padding-top:0px;padding-right:20px;padding-left:20px;-webkit-transition: all 700ms ease;-moz-transition: all 700ms ease;-ms-transition: all 700ms ease;-o-transition: all 700ms ease;transition: all 700ms ease;\"  data-hover_box_shadow=\"none\"    >[vc_column_text css=&#8221;.vc_custom_1619041217771{margin-top: 0px !important;margin-right: 0px !important;margin-bottom: 0px !important;margin-left: 0px !important;padding-top: 0px !important;padding-right: 0px !important;padding-bottom: 20px !important;padding-left: 0px !important;}&#8221; el_class=&#8221;white-h2 white-p&#8221;]<\/p>\n<h2>____<\/h2>\n<h2>Association of Friends<\/h2>\n<p><span class=\"VIiyi\" lang=\"en\"><span class=\"JLqJ4b ChMk0b\" data-language-for-alternatives=\"en\" data-language-to-translate-into=\"de\" data-phrase-index=\"1\">The Association of Friends has been supporting the museum since 1987. As an expression of gratitude, members can look forward to special events at the museum as well as interesting excursions into the Berlin cultural scene.<\/span><\/span>[\/vc_column_text][vc_btn title=&#8221;&gt; Association of Friends&#8221; style=&#8221;outline&#8221; color=&#8221;white&#8221; css=&#8221;.vc_custom_1697547909859{margin-right: 20px !important;}&#8221; link=&#8221;url:https%3A%2F%2Fwww.kaethe-kollwitz.berlin%2Fen%2Fmuseum%2Fassociation-of-friends%2F|title:Association%20of%20Friends&#8221;]\t\t<\/div><\/div>[\/vc_column_inner][vc_column_inner width=&#8221;1\/3&#8243; css=&#8221;.vc_custom_1619036557951{padding-top: 0px !important;padding-right: 0px !important;padding-bottom: 0px !important;padding-left: 0px !important;background-color: #989fa3 !important;}&#8221;]<div class=\"ult-content-box-container \" >\t\t<div class=\"ult-content-box\" style=\"box-shadow: px px px px none;padding-top:0px;padding-right:20px;padding-left:20px;-webkit-transition: all 700ms ease;-moz-transition: all 700ms ease;-ms-transition: all 700ms ease;-o-transition: all 700ms ease;transition: all 700ms ease;\"  data-hover_box_shadow=\"none\"    >[vc_column_text css=&#8221;.vc_custom_1619037206175{margin-top: 0px !important;margin-right: 0px !important;margin-bottom: 0px !important;margin-left: 0px !important;padding-top: 0px !important;padding-right: 0px !important;padding-bottom: 40px !important;padding-left: 0px !important;}&#8221; el_class=&#8221;white-h2 white-p&#8221;]<\/p>\n<h2>____<\/h2>\n<h2>Partners of the museum<\/h2>\n<p>Cooperation partners, supporters, and sponsors make the diverse work of the museum possible.[\/vc_column_text][vc_btn title=&#8221;&gt; more&#8221; style=&#8221;outline&#8221; color=&#8221;white&#8221; css=&#8221;.vc_custom_1697547916908{margin-right: 20px !important;}&#8221; link=&#8221;url:https%3A%2F%2Fwww.kaethe-kollwitz.berlin%2Fen%2Fpartner-of-the-museum%2F|title:Partner%20of%20the%20museum&#8221;]\t\t<\/div><\/div>[\/vc_column_inner][vc_column_inner width=&#8221;1\/3&#8243; css=&#8221;.vc_custom_1619036912311{padding-top: 0px !important;padding-right: 0px !important;padding-bottom: 0px !important;padding-left: 0px !important;background-color: #555d5d !important;}&#8221;]<div class=\"ult-content-box-container \" >\t\t<div class=\"ult-content-box\" style=\"box-shadow: px px px px none;padding-right:20px;padding-left:20px;-webkit-transition: all 700ms ease;-moz-transition: all 700ms ease;-ms-transition: all 700ms ease;-o-transition: all 700ms ease;transition: all 700ms ease;\"  data-hover_box_shadow=\"none\"    >[vc_column_text css=&#8221;.vc_custom_1619036290250{margin-top: 0px !important;margin-right: 0px !important;margin-bottom: 0px !important;margin-left: 0px !important;padding-top: 0px !important;padding-right: 0px !important;padding-bottom: 20px !important;padding-left: 0px !important;}&#8221; el_class=&#8221;white-h2 white-p&#8221;]<\/p>\n<h2>____<\/h2>\n<h2>Supporters &amp; Sponsors<\/h2>\n<p>The association &#8220;K\u00e4the Kollwitz Museum and Graphic Collection Hans Pels- Leusden&#8221;, founded in 1986, runs the museum. The K\u00e4the Kollwitz Foundation, which supports the association, was founded in 2020. The city of Berlin provides institutional support for the museum.[\/vc_column_text]\t\t<\/div><\/div>[\/vc_column_inner][\/vc_row_inner][vc_row_inner equal_height=&#8221;yes&#8221; gap=&#8221;35&#8243; disable_element=&#8221;yes&#8221;][vc_column_inner width=&#8221;1\/3&#8243; css=&#8221;.vc_custom_1604488193153{padding-top: 0px !important;padding-right: 0px !important;padding-bottom: 0px !important;padding-left: 0px !important;background-color: #acc90d !important;}&#8221;]<div class=\"ult-content-box-container \" >\t\t<div class=\"ult-content-box\" style=\"box-shadow: px px px px none;padding-top:0px;padding-right:20px;padding-left:20px;-webkit-transition: all 700ms ease;-moz-transition: all 700ms ease;-ms-transition: all 700ms ease;-o-transition: all 700ms ease;transition: all 700ms ease;\"  data-hover_box_shadow=\"none\"    >[vc_column_text css=&#8221;.vc_custom_1614773610186{margin-top: 0px !important;margin-right: 0px !important;margin-bottom: 0px !important;margin-left: 0px !important;padding-top: 0px !important;padding-right: 0px !important;padding-bottom: 20px !important;padding-left: 0px !important;}&#8221; el_class=&#8221;white-h2 white-p&#8221;]<\/p>\n<h2>____<\/h2>\n<h2>Association of Friends<\/h2>\n<p><span class=\"VIiyi\" lang=\"en\"><span class=\"JLqJ4b ChMk0b\" data-language-for-alternatives=\"en\" data-language-to-translate-into=\"de\" data-phrase-index=\"0\">The &#8220;Association of Friends&#8221; has supported the museum since 1987.<\/span> M<span class=\"JLqJ4b ChMk0b\" data-language-for-alternatives=\"en\" data-language-to-translate-into=\"de\" data-phrase-index=\"1\">embers expect not only special events in the house but also interesting excursions into Berlin&#8217;s cultural scene.<\/span><\/span>[\/vc_column_text][vc_btn title=&#8221;&gt; Association of Friends&#8221; style=&#8221;outline&#8221; color=&#8221;white&#8221; size=&#8221;sm&#8221; css=&#8221;.vc_custom_1613745925548{margin-right: 20px !important;}&#8221; link=&#8221;url:%2Fmuseum%2Fassociation-of-friends%2F%3Flang%3Den&#8221;]\t\t<\/div><\/div>[\/vc_column_inner][vc_column_inner width=&#8221;1\/3&#8243; css=&#8221;.vc_custom_1604571876700{padding-top: 0px !important;padding-right: 0px !important;padding-bottom: 0px !important;padding-left: 0px !important;background-color: #989fa3 !important;}&#8221;]<div class=\"ult-content-box-container \" >\t\t<div class=\"ult-content-box\" style=\"box-shadow: px px px px none;padding-top:0px;padding-right:20px;padding-left:20px;-webkit-transition: all 700ms ease;-moz-transition: all 700ms ease;-ms-transition: all 700ms ease;-o-transition: all 700ms ease;transition: all 700ms ease;\"  data-hover_box_shadow=\"none\"    >[vc_column_text css=&#8221;.vc_custom_1614773816132{margin-top: 0px !important;margin-right: 0px !important;margin-bottom: 0px !important;margin-left: 0px !important;padding-top: 0px !important;padding-right: 0px !important;padding-bottom: 20px !important;padding-left: 0px !important;}&#8221; el_class=&#8221;white-h2 white-p&#8221;]<\/p>\n<h2>____<\/h2>\n<h2>Sponsor &amp; patrons<\/h2>\n<p><span class=\"VIiyi\" lang=\"en\"><span class=\"JLqJ4b ChMk0b\" data-language-for-alternatives=\"en\" data-language-to-translate-into=\"de\" data-phrase-index=\"0\">The association &#8220;K\u00e4the-Kollwitz-Museum and graphic collection of Hans Pels-Leusden&#8221; founded in 1986 runs the museum.<\/span> <span class=\"JLqJ4b ChMk0b\" data-language-for-alternatives=\"en\" data-language-to-translate-into=\"de\" data-phrase-index=\"1\">The K\u00e4the Kollwitz Foundation, which supports the association, has existed since 2020.<\/span> <span class=\"JLqJ4b ChMk0b\" data-language-for-alternatives=\"en\" data-language-to-translate-into=\"de\" data-phrase-index=\"2\">The State of Berlin supports the museum institutionally.<\/span><\/span>[\/vc_column_text]\t\t<\/div><\/div>[\/vc_column_inner][vc_column_inner width=&#8221;1\/3&#8243; css=&#8221;.vc_custom_1606217171108{padding-top: 0px !important;padding-right: 0px !important;padding-bottom: 0px !important;padding-left: 0px !important;background-color: #555d5d !important;}&#8221;]<div class=\"ult-content-box-container \" >\t\t<div class=\"ult-content-box\" style=\"box-shadow: px px px px none;padding-top:0px;padding-right:20px;padding-left:20px;-webkit-transition: all 700ms ease;-moz-transition: all 700ms ease;-ms-transition: all 700ms ease;-o-transition: all 700ms ease;transition: all 700ms ease;\"  data-hover_box_shadow=\"none\"    >[vc_column_text css=&#8221;.vc_custom_1611929824161{margin-top: 0px !important;margin-right: 0px !important;margin-bottom: 0px !important;margin-left: 0px !important;padding-top: 0px !important;padding-right: 0px !important;padding-bottom: 20px !important;padding-left: 0px !important;}&#8221; el_class=&#8221;white-h2 white-p&#8221;]<\/p>\n<h2>____<\/h2>\n<h2>Partner des Museums<\/h2>\n<p>Kooperationspartner, Unterst\u00fctzer und F\u00f6rderer machen die vielf\u00e4ltige Arbeit des Museums m\u00f6glich.[\/vc_column_text][vc_btn title=&#8221;&gt; weiter&#8221; style=&#8221;outline&#8221; color=&#8221;white&#8221; size=&#8221;sm&#8221; link=&#8221;url:https%3A%2F%2Fkkm.frp.de%2Fmuseum%2Fpartner-des-museums%2F|title:Partner%20des%20Museums&#8221;]\t\t<\/div><\/div>[\/vc_column_inner][\/vc_row_inner][\/vc_column][\/vc_row]<\/p>\n<\/div>","protected":false},"excerpt":{"rendered":"<p>[vc_row type=&#8221;vc_default&#8221; full_width=&#8221;stretch_row&#8221; margin_top=&#8221;0px&#8221; margin_bottom=&#8221;0px&#8221; full_width_row=&#8221;true&#8221; bg_type=&#8221;image&#8221; parallax_style=&#8221;vcpb-default&#8221; bg_image_repeat=&#8221;no-repeat&#8221; min_height=&#8221;300px&#8221; css=&#8221;.vc_custom_1732892465391{margin-bottom: 0px !important;background-color: #edeee7 !important;background-position: center !important;background-repeat: no-repeat !important;background-size: cover !important;}&#8221;][vc_column css=&#8221;.vc_custom_1600862543102{margin-right: 0px !important;margin-left: 0px !important;padding-top: 70px !important;padding-right: 0px !important;padding-bottom: 50px !important;padding-left: 0px !important;background-position: center !important;background-repeat: no-repeat !important;background-size: cover !important;}&#8221;][vc_row_inner][vc_column_inner width=&#8221;2\/3&#8243;][vc_column_text css=&#8221;&#8221;] K\u00e4the Kollwitz Museum Berlin The Kollwitz Museum Berlin had enjoyed success in the&hellip;<\/p>\n","protected":false},"author":2,"featured_media":0,"parent":0,"menu_order":0,"comment_status":"closed","ping_status":"closed","template":"","meta":{"footnotes":""},"class_list":["post-4461","page","type-page","status-publish","hentry","description-off"],"_links":{"self":[{"href":"https:\/\/www.kaethe-kollwitz.berlin\/en\/wp-json\/wp\/v2\/pages\/4461","targetHints":{"allow":["GET"]}}],"collection":[{"href":"https:\/\/www.kaethe-kollwitz.berlin\/en\/wp-json\/wp\/v2\/pages"}],"about":[{"href":"https:\/\/www.kaethe-kollwitz.berlin\/en\/wp-json\/wp\/v2\/types\/page"}],"author":[{"embeddable":true,"href":"https:\/\/www.kaethe-kollwitz.berlin\/en\/wp-json\/wp\/v2\/users\/2"}],"replies":[{"embeddable":true,"href":"https:\/\/www.kaethe-kollwitz.berlin\/en\/wp-json\/wp\/v2\/comments?post=4461"}],"version-history":[{"count":20,"href":"https:\/\/www.kaethe-kollwitz.berlin\/en\/wp-json\/wp\/v2\/pages\/4461\/revisions"}],"predecessor-version":[{"id":12267,"href":"https:\/\/www.kaethe-kollwitz.berlin\/en\/wp-json\/wp\/v2\/pages\/4461\/revisions\/12267"}],"wp:attachment":[{"href":"https:\/\/www.kaethe-kollwitz.berlin\/en\/wp-json\/wp\/v2\/media?parent=4461"}],"curies":[{"name":"wp","href":"https:\/\/api.w.org\/{rel}","templated":true}]}}